{"id":31924,"date":"2018-11-08T13:33:54","date_gmt":"2018-11-08T13:33:54","guid":{"rendered":"http:\/\/bcnphotographer.com\/cookies\/"},"modified":"2018-11-08T14:21:42","modified_gmt":"2018-11-08T14:21:42","slug":"cookies","status":"publish","type":"page","link":"https:\/\/bcnphotographer.com\/pl\/cookies\/","title":{"rendered":"Cookies"},"content":{"rendered":"<p>[et_pb_section bb_built=&#8221;1&#8243;][et_pb_row][et_pb_column type=&#8221;4_4&#8243;][et_pb_text _builder_version=&#8221;3.17.6&#8243;]<\/p>\n<h2>Pliki cookie<\/h2>\n<p>\u00a0<\/p>\n<h4>Aby zapewni\u0107 sprawne funkcjonowanie tego portalu, czasami umieszczamy na komputerze u\u017cytkownika (b\u0105d\u017a innym urz\u0105dzeniu) ma\u0142e pliki \u2013 tzw. cookies (\u201eciasteczka\u201d). Podobnie post\u0119puje wi\u0119kszo\u015b\u0107 du\u017cych witryn internetowych.<\/h4>\n<p>\u00a0<\/p>\n<h5>Czym s\u0105 pliki cookie?<\/h5>\n<p>\u201eCookie\u201d to ma\u0142y plik tekstowy, kt\u00f3ry strona internetowa zapisuje na komputerze lub urz\u0105dzeniu przeno\u015bnym internauty w chwili, gdy ten j\u0105 przegl\u0105da. Strona ta mo\u017ce w ten spos\u00f3b zapami\u0119ta\u0107 na d\u0142u\u017cej czynno\u015bci i preferencje internauty (takie jak nazwa u\u017cytkownika, j\u0119zyk, rozmiar czcionki i inne opcje). Dzi\u0119ki temu u\u017cytkownik nie musi wpisywa\u0107 tych samych informacji za ka\u017cdym razem, gdy powr\u00f3ci na t\u0119 stron\u0119 lub przejdzie z jednej strony na inn\u0105.<\/p>\n<h5>Jak u\u017cywamy plik\u00f3w cookie?<\/h5>\n<p>Cz\u0119\u015b\u0107 naszych stron u\u017cywa plik\u00f3w cookie, \u017ceby zapami\u0119ta\u0107:<\/p>\n<ul>\n<li>jakie s\u0105 preferencje sposobu wy\u015bwietlania, np. ustawienia kontrastu kolor\u00f3w czy rozmiar czcionki<\/li>\n<li>czy u\u017cytkownik udzieli\u0142 ju\u017c odpowiedzi na ankiet\u0119 w osobnym okienku zawieraj\u0105c\u0105 pytanie o to, czy strona by\u0142a przydatna (dzi\u0119ki temu okienko to nie wy\u015bwietli si\u0119 ponownie)<\/li>\n<li>czy u\u017cytkownik wyrazi\u0142 zgod\u0119 na korzystanie przez stron\u0119 z plik\u00f3w cookie.<\/li>\n<\/ul>\n<p>Niekt\u00f3re pliki wideo zamieszczone na naszych stronach u\u017cywaj\u0105 r\u00f3wnie\u017c cookies do gromadzenia anonimowych statystyk dotycz\u0105cych tego, jak internauta dosta\u0142 si\u0119 na stron\u0119 oraz kt\u00f3re nagrania wideo odtwarza\u0142.\u00a0<\/p>\n<p>Pliki cookie s\u0105 r\u00f3wnie\u017c przechowywane przez\u00a0Europa Analytics\u00a0\u2013 oprogramowanie, za pomoc\u0105 kt\u00f3rego mierzony jest poziom przydatno\u015bci i efektywno\u015bci stron internetowych portalu EUROPA Komisji Europejskiej.<\/p>\n<p>Aktywowanie plik\u00f3w cookie nie jest konieczne do funkcjonowania strony, a jedynie u\u0142atwia u\u017cytkownikom przegl\u0105danie jej zawarto\u015bci. Cookies mo\u017cna usun\u0105\u0107 albo zablokowa\u0107, ale w takim wypadku niekt\u00f3re elementy tej strony mog\u0105 nie dzia\u0142a\u0107 prawid\u0142owo.<\/p>\n<p>Informacje zwi\u0105zane z plikami cookie\u00a0nie s\u0105 wykorzystywane do zidentyfikowania u\u017cytkownika,a dane dotycz\u0105ce preferencji s\u0105 pod \u015bcis\u0142\u0105 kontrol\u0105. Nie u\u017cywamy plik\u00f3w cookie do \u017cadnych innych cel\u00f3w ni\u017c te opisane na tej stronie.<\/p>\n<h5>Jak kontrolowa\u0107 pliki cookie<\/h5>\n<p>Pliki cookie mo\u017cna samodzielnie\u00a0kontrolowa\u0107 i usuwa\u0107\u00a0\u2013 szczeg\u00f3\u0142y s\u0105 dost\u0119pne na stronie <a href=\"http:\/\/www.aboutcookies.org\/\" target=\"_blank\" rel=\"noopener\">aboutcookies.org<\/a>. Mo\u017cna usun\u0105\u0107 wszystkie pliki cookie zamieszczone na swoim komputerze, a w wi\u0119kszo\u015bci przegl\u0105darek wybra\u0107 ustawienie, kt\u00f3re uniemo\u017cliwia instalowanie tych plik\u00f3w. W takim przypadku mo\u017ce si\u0119 okaza\u0107 konieczne dostosowanie niekt\u00f3rych preferencji przy ka\u017cdej wizycie na danej stronie, a cz\u0119\u015b\u0107 opcji i us\u0142ug mo\u017ce by\u0107 niedost\u0119pna.<\/p>\n<p>[\/et_pb_text][\/et_pb_column][\/et_pb_row][\/et_pb_section]<\/p>\n","protected":false},"excerpt":{"rendered":"<p><div class=\"et_pb_row et_pb_row_0 et_pb_row_empty\">\n\t\t\t\t\n\t\t\t\t\n\t\t\t\t\n\t\t\t\t\n\t\t\t\t\n\t\t\t<\/div> Pliki cookie\u00a0Aby zapewni\u0107 sprawne funkcjonowanie tego portalu, czasami umieszczamy na komputerze u\u017cytkownika (b\u0105d\u017a innym urz\u0105dzeniu) ma\u0142e pliki \u2013 tzw. cookies (\u201eciasteczka\u201d). Podobnie post\u0119puje wi\u0119kszo\u015b\u0107 du\u017cych witryn internetowych.\u00a0Czym s\u0105 pliki cookie?\u201eCookie\u201d to ma\u0142y plik tekstowy, kt\u00f3ry strona internetowa zapisuje na komputerze lub urz\u0105dzeniu przeno\u015bnym internauty w chwili, gdy ten j\u0105 przegl\u0105da. Strona ta mo\u017ce w [&hellip;]<\/p>\n","protected":false},"author":1,"featured_media":0,"parent":0,"menu_order":0,"comment_status":"closed","ping_status":"closed","template":"","meta":{"_et_pb_use_builder":"on","_et_pb_old_content":"","_et_gb_content_width":"","footnotes":""},"class_list":["post-31924","page","type-page","status-publish","hentry"],"yoast_head":"<!-- This site is optimized with the Yoast SEO Premium plugin v25.2 (Yoast SEO v27.3) - https:\/\/yoast.com\/product\/yoast-seo-premium-wordpress\/ -->\n<title>Cookies | Barcelona Event and Corporate Photography<\/title>\n<meta name=\"robots\" content=\"index, follow, max-snippet:-1, max-image-preview:large, max-video-preview:-1\" \/>\n<link rel=\"canonical\" href=\"https:\/\/bcnphotographer.com\/pl\/cookies\/\" \/>\n<meta property=\"og:locale\" content=\"pl_PL\" \/>\n<meta property=\"og:type\" content=\"article\" \/>\n<meta property=\"og:title\" content=\"Cookies\" \/>\n<meta property=\"og:description\" content=\"Pliki cookie\u00a0Aby zapewni\u0107 sprawne funkcjonowanie tego portalu, czasami umieszczamy na komputerze u\u017cytkownika (b\u0105d\u017a innym urz\u0105dzeniu) ma\u0142e pliki \u2013 tzw. cookies (\u201eciasteczka\u201d). Podobnie post\u0119puje wi\u0119kszo\u015b\u0107 du\u017cych witryn internetowych.\u00a0Czym s\u0105 pliki cookie?\u201eCookie\u201d to ma\u0142y plik tekstowy, kt\u00f3ry strona internetowa zapisuje na komputerze lub urz\u0105dzeniu przeno\u015bnym internauty w chwili, gdy ten j\u0105 przegl\u0105da. Strona ta mo\u017ce w [&hellip;]\" \/>\n<meta property=\"og:url\" content=\"https:\/\/bcnphotographer.com\/pl\/cookies\/\" \/>\n<meta property=\"og:site_name\" content=\"Barcelona Event and Corporate Photography\" \/>\n<meta property=\"article:publisher\" content=\"https:\/\/www.facebook.com\/sebastianszulfer\/\" \/>\n<meta property=\"article:modified_time\" content=\"2018-11-08T14:21:42+00:00\" \/>\n<meta property=\"og:image\" content=\"https:\/\/bcnphotographer.com\/wp-content\/uploads\/2026\/01\/James-Corden-MWC-Sebastian-Szulfer-Photography-Events.jpg\" \/>\n\t<meta property=\"og:image:width\" content=\"1600\" \/>\n\t<meta property=\"og:image:height\" content=\"901\" \/>\n\t<meta property=\"og:image:type\" content=\"image\/jpeg\" \/>\n<meta name=\"twitter:card\" content=\"summary_large_image\" \/>\n<meta name=\"twitter:label1\" content=\"Szacowany czas czytania\" \/>\n\t<meta name=\"twitter:data1\" content=\"2 minuty\" \/>\n<script type=\"application\/ld+json\" class=\"yoast-schema-graph\">{\"@context\":\"https:\\\/\\\/schema.org\",\"@graph\":[{\"@type\":\"WebPage\",\"@id\":\"https:\\\/\\\/bcnphotographer.com\\\/pl\\\/cookies\\\/\",\"url\":\"https:\\\/\\\/bcnphotographer.com\\\/pl\\\/cookies\\\/\",\"name\":\"Cookies | Barcelona Event and Corporate Photography\",\"isPartOf\":{\"@id\":\"https:\\\/\\\/bcnphotographer.com\\\/pl\\\/#website\"},\"datePublished\":\"2018-11-08T13:33:54+00:00\",\"dateModified\":\"2018-11-08T14:21:42+00:00\",\"breadcrumb\":{\"@id\":\"https:\\\/\\\/bcnphotographer.com\\\/pl\\\/cookies\\\/#breadcrumb\"},\"inLanguage\":\"pl-PL\",\"potentialAction\":[{\"@type\":\"ReadAction\",\"target\":[\"https:\\\/\\\/bcnphotographer.com\\\/pl\\\/cookies\\\/\"]}]},{\"@type\":\"BreadcrumbList\",\"@id\":\"https:\\\/\\\/bcnphotographer.com\\\/pl\\\/cookies\\\/#breadcrumb\",\"itemListElement\":[{\"@type\":\"ListItem\",\"position\":1,\"name\":\"Home\",\"item\":\"https:\\\/\\\/bcnphotographer.com\\\/pl\\\/\"},{\"@type\":\"ListItem\",\"position\":2,\"name\":\"Cookies\"}]},{\"@type\":\"WebSite\",\"@id\":\"https:\\\/\\\/bcnphotographer.com\\\/pl\\\/#website\",\"url\":\"https:\\\/\\\/bcnphotographer.com\\\/pl\\\/\",\"name\":\"BCN Photographer | Event, Portrait & Corporate Photography in Barcelona\",\"description\":\"Your Photographer On Location \u2013 Headshots &amp; Event Coverage Anywhere in Barcelona\",\"publisher\":{\"@id\":\"https:\\\/\\\/bcnphotographer.com\\\/pl\\\/#organization\"},\"alternateName\":\"Barcelona Event & Headshot Photography\",\"potentialAction\":[{\"@type\":\"SearchAction\",\"target\":{\"@type\":\"EntryPoint\",\"urlTemplate\":\"https:\\\/\\\/bcnphotographer.com\\\/pl\\\/?s={search_term_string}\"},\"query-input\":{\"@type\":\"PropertyValueSpecification\",\"valueRequired\":true,\"valueName\":\"search_term_string\"}}],\"inLanguage\":\"pl-PL\"},{\"@type\":\"Organization\",\"@id\":\"https:\\\/\\\/bcnphotographer.com\\\/pl\\\/#organization\",\"name\":\"BCN Photographer Sebastian Szulfer\",\"alternateName\":\"Sebastian Szulfer Photographer\",\"url\":\"https:\\\/\\\/bcnphotographer.com\\\/pl\\\/\",\"logo\":{\"@type\":\"ImageObject\",\"inLanguage\":\"pl-PL\",\"@id\":\"https:\\\/\\\/bcnphotographer.com\\\/pl\\\/#\\\/schema\\\/logo\\\/image\\\/\",\"url\":\"https:\\\/\\\/bcnphotographer.com\\\/wp-content\\\/uploads\\\/2025\\\/04\\\/Square-696x696-1.png\",\"contentUrl\":\"https:\\\/\\\/bcnphotographer.com\\\/wp-content\\\/uploads\\\/2025\\\/04\\\/Square-696x696-1.png\",\"width\":696,\"height\":696,\"caption\":\"BCN Photographer Sebastian Szulfer\"},\"image\":{\"@id\":\"https:\\\/\\\/bcnphotographer.com\\\/pl\\\/#\\\/schema\\\/logo\\\/image\\\/\"},\"sameAs\":[\"https:\\\/\\\/www.facebook.com\\\/sebastianszulfer\\\/\",\"https:\\\/\\\/www.instagram.com\\\/bastiheadshot\\\/\",\"https:\\\/\\\/www.linkedin.com\\\/company\\\/sebastian-szulfer-photodesign\\\/\",\"https:\\\/\\\/www.linkedin.com\\\/in\\\/sebastian-szulfer\\\/\"],\"description\":\"Event, Headshot & Brand Photography in Barcelona \u2013 Bilingual Service\",\"email\":\"contact@sebastianszulfer.com\",\"telephone\":\"+34671450247, +48602425933\",\"legalName\":\"Sebastian Szulfer Photodesign\",\"foundingDate\":\"2013-04-03\",\"vatID\":\"PL5562504369\",\"taxID\":\"5562504369\"}]}<\/script>\n<!-- \/ Yoast SEO Premium plugin. -->","yoast_head_json":{"title":"Cookies | Barcelona Event and Corporate Photography","robots":{"index":"index","follow":"follow","max-snippet":"max-snippet:-1","max-image-preview":"max-image-preview:large","max-video-preview":"max-video-preview:-1"},"canonical":"https:\/\/bcnphotographer.com\/pl\/cookies\/","og_locale":"pl_PL","og_type":"article","og_title":"Cookies","og_description":"Pliki cookie\u00a0Aby zapewni\u0107 sprawne funkcjonowanie tego portalu, czasami umieszczamy na komputerze u\u017cytkownika (b\u0105d\u017a innym urz\u0105dzeniu) ma\u0142e pliki \u2013 tzw. cookies (\u201eciasteczka\u201d). Podobnie post\u0119puje wi\u0119kszo\u015b\u0107 du\u017cych witryn internetowych.\u00a0Czym s\u0105 pliki cookie?\u201eCookie\u201d to ma\u0142y plik tekstowy, kt\u00f3ry strona internetowa zapisuje na komputerze lub urz\u0105dzeniu przeno\u015bnym internauty w chwili, gdy ten j\u0105 przegl\u0105da. Strona ta mo\u017ce w [&hellip;]","og_url":"https:\/\/bcnphotographer.com\/pl\/cookies\/","og_site_name":"Barcelona Event and Corporate Photography","article_publisher":"https:\/\/www.facebook.com\/sebastianszulfer\/","article_modified_time":"2018-11-08T14:21:42+00:00","og_image":[{"width":1600,"height":901,"url":"https:\/\/bcnphotographer.com\/wp-content\/uploads\/2026\/01\/James-Corden-MWC-Sebastian-Szulfer-Photography-Events.jpg","type":"image\/jpeg"}],"twitter_card":"summary_large_image","twitter_misc":{"Szacowany czas czytania":"2 minuty"},"schema":{"@context":"https:\/\/schema.org","@graph":[{"@type":"WebPage","@id":"https:\/\/bcnphotographer.com\/pl\/cookies\/","url":"https:\/\/bcnphotographer.com\/pl\/cookies\/","name":"Cookies | Barcelona Event and Corporate Photography","isPartOf":{"@id":"https:\/\/bcnphotographer.com\/pl\/#website"},"datePublished":"2018-11-08T13:33:54+00:00","dateModified":"2018-11-08T14:21:42+00:00","breadcrumb":{"@id":"https:\/\/bcnphotographer.com\/pl\/cookies\/#breadcrumb"},"inLanguage":"pl-PL","potentialAction":[{"@type":"ReadAction","target":["https:\/\/bcnphotographer.com\/pl\/cookies\/"]}]},{"@type":"BreadcrumbList","@id":"https:\/\/bcnphotographer.com\/pl\/cookies\/#breadcrumb","itemListElement":[{"@type":"ListItem","position":1,"name":"Home","item":"https:\/\/bcnphotographer.com\/pl\/"},{"@type":"ListItem","position":2,"name":"Cookies"}]},{"@type":"WebSite","@id":"https:\/\/bcnphotographer.com\/pl\/#website","url":"https:\/\/bcnphotographer.com\/pl\/","name":"BCN Photographer | Event, Portrait & Corporate Photography in Barcelona","description":"Your Photographer On Location \u2013 Headshots &amp; Event Coverage Anywhere in Barcelona","publisher":{"@id":"https:\/\/bcnphotographer.com\/pl\/#organization"},"alternateName":"Barcelona Event & Headshot Photography","potentialAction":[{"@type":"SearchAction","target":{"@type":"EntryPoint","urlTemplate":"https:\/\/bcnphotographer.com\/pl\/?s={search_term_string}"},"query-input":{"@type":"PropertyValueSpecification","valueRequired":true,"valueName":"search_term_string"}}],"inLanguage":"pl-PL"},{"@type":"Organization","@id":"https:\/\/bcnphotographer.com\/pl\/#organization","name":"BCN Photographer Sebastian Szulfer","alternateName":"Sebastian Szulfer Photographer","url":"https:\/\/bcnphotographer.com\/pl\/","logo":{"@type":"ImageObject","inLanguage":"pl-PL","@id":"https:\/\/bcnphotographer.com\/pl\/#\/schema\/logo\/image\/","url":"https:\/\/bcnphotographer.com\/wp-content\/uploads\/2025\/04\/Square-696x696-1.png","contentUrl":"https:\/\/bcnphotographer.com\/wp-content\/uploads\/2025\/04\/Square-696x696-1.png","width":696,"height":696,"caption":"BCN Photographer Sebastian Szulfer"},"image":{"@id":"https:\/\/bcnphotographer.com\/pl\/#\/schema\/logo\/image\/"},"sameAs":["https:\/\/www.facebook.com\/sebastianszulfer\/","https:\/\/www.instagram.com\/bastiheadshot\/","https:\/\/www.linkedin.com\/company\/sebastian-szulfer-photodesign\/","https:\/\/www.linkedin.com\/in\/sebastian-szulfer\/"],"description":"Event, Headshot & Brand Photography in Barcelona \u2013 Bilingual Service","email":"contact@sebastianszulfer.com","telephone":"+34671450247, +48602425933","legalName":"Sebastian Szulfer Photodesign","foundingDate":"2013-04-03","vatID":"PL5562504369","taxID":"5562504369"}]}},"_links":{"self":[{"href":"https:\/\/bcnphotographer.com\/pl\/wp-json\/wp\/v2\/pages\/31924","targetHints":{"allow":["GET"]}}],"collection":[{"href":"https:\/\/bcnphotographer.com\/pl\/wp-json\/wp\/v2\/pages"}],"about":[{"href":"https:\/\/bcnphotographer.com\/pl\/wp-json\/wp\/v2\/types\/page"}],"author":[{"embeddable":true,"href":"https:\/\/bcnphotographer.com\/pl\/wp-json\/wp\/v2\/users\/1"}],"replies":[{"embeddable":true,"href":"https:\/\/bcnphotographer.com\/pl\/wp-json\/wp\/v2\/comments?post=31924"}],"version-history":[{"count":0,"href":"https:\/\/bcnphotographer.com\/pl\/wp-json\/wp\/v2\/pages\/31924\/revisions"}],"wp:attachment":[{"href":"https:\/\/bcnphotographer.com\/pl\/wp-json\/wp\/v2\/media?parent=31924"}],"curies":[{"name":"wp","href":"https:\/\/api.w.org\/{rel}","templated":true}]}}