{"id":31206,"date":"2018-07-27T17:14:18","date_gmt":"2018-07-27T17:14:18","guid":{"rendered":"http:\/\/bcnphotographer.com\/contact\/"},"modified":"2020-05-04T08:21:03","modified_gmt":"2020-05-04T08:21:03","slug":"kontakt","status":"publish","type":"page","link":"https:\/\/bcnphotographer.com\/pl\/kontakt\/","title":{"rendered":"Kontakt"},"content":{"rendered":"<p>[et_pb_section fb_built=&#8221;1&#8243; _builder_version=&#8221;3.22.3&#8243; background_image=&#8221;http:\/\/bcnphotographer.com\/wp-content\/uploads\/2018\/07\/background-texture.jpg&#8221; background_blend=&#8221;multiply&#8221; custom_padding=&#8221;|||&#8221; animation_style=&#8221;zoom&#8221; animation_intensity_zoom=&#8221;4%&#8221;][et_pb_row _builder_version=&#8221;3.25&#8243; background_size=&#8221;initial&#8221; background_position=&#8221;top_left&#8221; background_repeat=&#8221;repeat&#8221; background_blend=&#8221;multiply&#8221; custom_padding=&#8221;|||&#8221; animation_style=&#8221;slide&#8221; animation_direction=&#8221;top&#8221; animation_intensity_slide=&#8221;3%&#8221;][et_pb_column type=&#8221;4_4&#8243; _builder_version=&#8221;3.25&#8243; custom_padding=&#8221;|||&#8221; custom_padding__hover=&#8221;|||&#8221;][et_pb_divider show_divider=&#8221;off&#8221; _builder_version=&#8221;3.11.1&#8243;][\/et_pb_divider][et_pb_text _builder_version=&#8221;3.27.4&#8243; text_font=&#8221;Raleway|800|||||||&#8221; text_font_size=&#8221;96px&#8221; text_line_height=&#8221;0em&#8221; text_orientation=&#8221;center&#8221; custom_padding=&#8221;-350px|||&#8221; header_text_shadow_style=&#8221;preset5&#8243; header_text_shadow_horizontal_length=&#8221;0.78em&#8221; header_text_shadow_vertical_length=&#8221;0.97em&#8221;]<\/p>\n<p style=\"text-align: center;\"><span style=\"color: #ebebeb;\">SKONTAKTUJ SI\u0118<\/span><\/p>\n<p>[\/et_pb_text][et_pb_text _builder_version=&#8221;3.27.4&#8243; text_font=&#8221;Raleway|200||||on|||&#8221; text_font_size=&#8221;42px&#8221; text_letter_spacing=&#8221;1px&#8221; custom_margin=&#8221;-10px|||&#8221; custom_margin_tablet=&#8221;&#8221; custom_margin_phone=&#8221;&#8221; custom_margin_last_edited=&#8221;on|desktop&#8221; custom_padding=&#8221;|||0px&#8221;]<\/p>\n<p style=\"text-align: center;\">SKONTAKTUJ SI\u0118<\/p>\n<p>[\/et_pb_text][\/et_pb_column][\/et_pb_row][\/et_pb_section][et_pb_section fb_built=&#8221;1&#8243; admin_label=&#8221;Footer&#8221; _builder_version=&#8221;3.22.3&#8243; background_image=&#8221;http:\/\/bcnphotographer.com\/wp-content\/uploads\/2018\/08\/business-01.jpg&#8221; parallax=&#8221;on&#8221; custom_padding=&#8221;90px||90px|&#8221; saved_tabs=&#8221;all&#8221;][et_pb_row column_structure=&#8221;2_5,3_5&#8243; use_custom_gutter=&#8221;on&#8221; gutter_width=&#8221;2&#8243; make_equal=&#8221;on&#8221; _builder_version=&#8221;3.25&#8243; background_size=&#8221;initial&#8221; background_position=&#8221;top_left&#8221; background_repeat=&#8221;repeat&#8221; custom_padding=&#8221;|||&#8221;][et_pb_column type=&#8221;2_5&#8243; _builder_version=&#8221;3.25&#8243; background_color=&#8221;#ffffff&#8221; background_position=&#8221;top_left&#8221; custom_padding=&#8221;50px|40px|50px|40px&#8221; custom_padding__hover=&#8221;|||&#8221;][et_pb_text admin_label=&#8221;Contact US Title&#8221; _builder_version=&#8221;3.27.4&#8243; text_font_size=&#8221;16px&#8221; header_font=&#8221;Montserrat||||&#8221; header_text_color=&#8221;#1f1f1f&#8221; header_font_size=&#8221;22px&#8221; custom_padding=&#8221;0px|0px|0px|0px&#8221; animation_style=&#8221;fold&#8221; animation_direction=&#8221;bottom&#8221; animation_intensity_fold=&#8221;20%&#8221;]<\/p>\n<h1>Dane teleadresowe<\/h1>\n<p>[\/et_pb_text][et_pb_blurb use_icon=&#8221;on&#8221; font_icon=&#8221;%%104%%&#8221; icon_color=&#8221;#e09900&#8243; icon_placement=&#8221;left&#8221; use_icon_font_size=&#8221;on&#8221; icon_font_size=&#8221;28px&#8221; icon_font_size_last_edited=&#8221;off|desktop&#8221; _builder_version=&#8221;3.16.1&#8243; body_font_size=&#8221;16px&#8221; custom_margin=&#8221;|||&#8221; animation_style=&#8221;fold&#8221; animation_direction=&#8221;bottom&#8221; animation_intensity_fold=&#8221;20%&#8221;]+48 602 425 933<br \/>\n+34 671 450 247<br \/>\n[\/et_pb_blurb][et_pb_blurb use_icon=&#8221;on&#8221; font_icon=&#8221;%%238%%&#8221; icon_color=&#8221;#e09900&#8243; icon_placement=&#8221;left&#8221; use_icon_font_size=&#8221;on&#8221; icon_font_size=&#8221;28px&#8221; icon_font_size_last_edited=&#8221;off|desktop&#8221; admin_label=&#8221;Email&#8221; _builder_version=&#8221;3.16.1&#8243; custom_margin=&#8221;|||&#8221; animation_style=&#8221;fold&#8221; animation_direction=&#8221;bottom&#8221; animation_intensity_fold=&#8221;20%&#8221;]<a href=\"mailto:contact@bcnphotographer.com\">contact@bcnphotographer.com<\/a><br \/>\n[\/et_pb_blurb][\/et_pb_column][et_pb_column type=&#8221;3_5&#8243; _builder_version=&#8221;3.25&#8243; background_color=&#8221;#ffffff&#8221; background_position=&#8221;top_left&#8221; custom_padding=&#8221;50px|40px|50px|40px&#8221; custom_padding__hover=&#8221;|||&#8221;][et_pb_contact_form email=&#8221;contact@bcnphotographer.com&#8221; title=&#8221;Napisz do mnie&#8221; submit_button_text=&#8221;Wy\u015blij&#8221; module_id=&#8221;et_pb_contact_form_1&#8243; _builder_version=&#8221;4.2.2&#8243; form_field_background_color=&#8221;rgba(255,255,255,0)&#8221; title_font=&#8221;Montserrat||||&#8221; title_font_size=&#8221;22px&#8221; custom_button=&#8221;on&#8221; button_text_size=&#8221;18px&#8221; button_text_color=&#8221;#ffffff&#8221; button_bg_color=&#8221;#e09900&#8243; button_border_color=&#8221;#e09900&#8243; button_border_radius=&#8221;0px&#8221; button_letter_spacing=&#8221;2px&#8221; button_font=&#8221;Montserrat|||on|&#8221; button_use_icon=&#8221;off&#8221; animation_style=&#8221;fold&#8221; animation_direction=&#8221;bottom&#8221; animation_intensity_fold=&#8221;20%&#8221; hover_enabled=&#8221;0&#8243; border_width_all=&#8221;1px&#8221; border_color_all=&#8221;rgba(0,0,0,0.12)&#8221; use_border_color=&#8221;on&#8221; form_background_color=&#8221;rgba(255,255,255,0)&#8221; button_text_color_hover=&#8221;#e09900&#8243; button_bg_color_hover=&#8221;rgba(0,0,0,0)&#8221; button_border_color_hover=&#8221;#e09900&#8243; button_border_radius_hover=&#8221;0px&#8221; button_letter_spacing_hover=&#8221;2px&#8221; use_spam_service=&#8221;on&#8221; recaptcha_list=&#8221;bcnphotographer|bcnphotographer-0&#8243;][et_pb_contact_field field_id=&#8221;Imi\u0119&#8221; field_title=&#8221;Imi\u0119&#8221; fullwidth_field=&#8221;on&#8221; _builder_version=&#8221;3.16.1&#8243;][\/et_pb_contact_field][et_pb_contact_field field_id=&#8221;Email&#8221; field_title=&#8221;Email&#8221; field_type=&#8221;email&#8221; fullwidth_field=&#8221;on&#8221; _builder_version=&#8221;3.16.1&#8243;][\/et_pb_contact_field][et_pb_contact_field field_id=&#8221;Wiadomo\u015b\u0107&#8221; field_title=&#8221;Wiadomo\u015b\u0107&#8221; field_type=&#8221;text&#8221; fullwidth_field=&#8221;on&#8221; _builder_version=&#8221;3.16.1&#8243;][\/et_pb_contact_field][\/et_pb_contact_form][\/et_pb_column][\/et_pb_row][\/et_pb_section]<\/p>\n","protected":false},"excerpt":{"rendered":"<p>SKONTAKTUJ SI\u0118 SKONTAKTUJ SI\u0118 Dane teleadresowe +48 602 425 933 +34 671 450 247 contact@bcnphotographer.com<\/p>\n","protected":false},"author":1,"featured_media":0,"parent":0,"menu_order":0,"comment_status":"closed","ping_status":"closed","template":"","meta":{"_et_pb_use_builder":"on","_et_pb_old_content":"","_et_gb_content_width":"","footnotes":""},"class_list":["post-31206","page","type-page","status-publish","hentry"],"yoast_head":"<!-- This site is optimized with the Yoast SEO Premium plugin v25.2 (Yoast SEO v27.3) - https:\/\/yoast.com\/product\/yoast-seo-premium-wordpress\/ -->\n<title>Kontakt | Barcelona Event and Corporate Photography<\/title>\n<meta name=\"robots\" content=\"index, follow, max-snippet:-1, max-image-preview:large, max-video-preview:-1\" \/>\n<link rel=\"canonical\" href=\"https:\/\/bcnphotographer.com\/pl\/kontakt\/\" \/>\n<meta property=\"og:locale\" content=\"pl_PL\" \/>\n<meta property=\"og:type\" content=\"article\" \/>\n<meta property=\"og:title\" content=\"Kontakt\" \/>\n<meta property=\"og:description\" content=\"SKONTAKTUJ SI\u0118 SKONTAKTUJ SI\u0118 Dane teleadresowe +48 602 425 933 +34 671 450 247 contact@bcnphotographer.com\" \/>\n<meta property=\"og:url\" content=\"https:\/\/bcnphotographer.com\/pl\/kontakt\/\" \/>\n<meta property=\"og:site_name\" content=\"Barcelona Event and Corporate Photography\" \/>\n<meta property=\"article:publisher\" content=\"https:\/\/www.facebook.com\/sebastianszulfer\/\" \/>\n<meta property=\"article:modified_time\" content=\"2020-05-04T08:21:03+00:00\" \/>\n<meta property=\"og:image\" content=\"https:\/\/bcnphotographer.com\/wp-content\/uploads\/2026\/01\/James-Corden-MWC-Sebastian-Szulfer-Photography-Events.jpg\" \/>\n\t<meta property=\"og:image:width\" content=\"1600\" \/>\n\t<meta property=\"og:image:height\" content=\"901\" \/>\n\t<meta property=\"og:image:type\" content=\"image\/jpeg\" \/>\n<meta name=\"twitter:card\" content=\"summary_large_image\" \/>\n<meta name=\"twitter:label1\" content=\"Szacowany czas czytania\" \/>\n\t<meta name=\"twitter:data1\" content=\"3 minuty\" \/>\n<script type=\"application\/ld+json\" class=\"yoast-schema-graph\">{\"@context\":\"https:\\\/\\\/schema.org\",\"@graph\":[{\"@type\":\"WebPage\",\"@id\":\"https:\\\/\\\/bcnphotographer.com\\\/pl\\\/kontakt\\\/\",\"url\":\"https:\\\/\\\/bcnphotographer.com\\\/pl\\\/kontakt\\\/\",\"name\":\"Kontakt | Barcelona Event and Corporate Photography\",\"isPartOf\":{\"@id\":\"https:\\\/\\\/bcnphotographer.com\\\/pl\\\/#website\"},\"datePublished\":\"2018-07-27T17:14:18+00:00\",\"dateModified\":\"2020-05-04T08:21:03+00:00\",\"breadcrumb\":{\"@id\":\"https:\\\/\\\/bcnphotographer.com\\\/pl\\\/kontakt\\\/#breadcrumb\"},\"inLanguage\":\"pl-PL\",\"potentialAction\":[{\"@type\":\"ReadAction\",\"target\":[\"https:\\\/\\\/bcnphotographer.com\\\/pl\\\/kontakt\\\/\"]}]},{\"@type\":\"BreadcrumbList\",\"@id\":\"https:\\\/\\\/bcnphotographer.com\\\/pl\\\/kontakt\\\/#breadcrumb\",\"itemListElement\":[{\"@type\":\"ListItem\",\"position\":1,\"name\":\"Home\",\"item\":\"https:\\\/\\\/bcnphotographer.com\\\/pl\\\/\"},{\"@type\":\"ListItem\",\"position\":2,\"name\":\"Kontakt\"}]},{\"@type\":\"WebSite\",\"@id\":\"https:\\\/\\\/bcnphotographer.com\\\/pl\\\/#website\",\"url\":\"https:\\\/\\\/bcnphotographer.com\\\/pl\\\/\",\"name\":\"BCN Photographer | Event, Portrait & Corporate Photography in Barcelona\",\"description\":\"Your Photographer On Location \u2013 Headshots &amp; Event Coverage Anywhere in Barcelona\",\"publisher\":{\"@id\":\"https:\\\/\\\/bcnphotographer.com\\\/pl\\\/#organization\"},\"alternateName\":\"Barcelona Event & Headshot Photography\",\"potentialAction\":[{\"@type\":\"SearchAction\",\"target\":{\"@type\":\"EntryPoint\",\"urlTemplate\":\"https:\\\/\\\/bcnphotographer.com\\\/pl\\\/?s={search_term_string}\"},\"query-input\":{\"@type\":\"PropertyValueSpecification\",\"valueRequired\":true,\"valueName\":\"search_term_string\"}}],\"inLanguage\":\"pl-PL\"},{\"@type\":\"Organization\",\"@id\":\"https:\\\/\\\/bcnphotographer.com\\\/pl\\\/#organization\",\"name\":\"BCN Photographer Sebastian Szulfer\",\"alternateName\":\"Sebastian Szulfer Photographer\",\"url\":\"https:\\\/\\\/bcnphotographer.com\\\/pl\\\/\",\"logo\":{\"@type\":\"ImageObject\",\"inLanguage\":\"pl-PL\",\"@id\":\"https:\\\/\\\/bcnphotographer.com\\\/pl\\\/#\\\/schema\\\/logo\\\/image\\\/\",\"url\":\"https:\\\/\\\/bcnphotographer.com\\\/wp-content\\\/uploads\\\/2025\\\/04\\\/Square-696x696-1.png\",\"contentUrl\":\"https:\\\/\\\/bcnphotographer.com\\\/wp-content\\\/uploads\\\/2025\\\/04\\\/Square-696x696-1.png\",\"width\":696,\"height\":696,\"caption\":\"BCN Photographer Sebastian Szulfer\"},\"image\":{\"@id\":\"https:\\\/\\\/bcnphotographer.com\\\/pl\\\/#\\\/schema\\\/logo\\\/image\\\/\"},\"sameAs\":[\"https:\\\/\\\/www.facebook.com\\\/sebastianszulfer\\\/\",\"https:\\\/\\\/www.instagram.com\\\/bastiheadshot\\\/\",\"https:\\\/\\\/www.linkedin.com\\\/company\\\/sebastian-szulfer-photodesign\\\/\",\"https:\\\/\\\/www.linkedin.com\\\/in\\\/sebastian-szulfer\\\/\"],\"description\":\"Event, Headshot & Brand Photography in Barcelona \u2013 Bilingual Service\",\"email\":\"contact@sebastianszulfer.com\",\"telephone\":\"+34671450247, +48602425933\",\"legalName\":\"Sebastian Szulfer Photodesign\",\"foundingDate\":\"2013-04-03\",\"vatID\":\"PL5562504369\",\"taxID\":\"5562504369\"}]}<\/script>\n<!-- \/ Yoast SEO Premium plugin. -->","yoast_head_json":{"title":"Kontakt | Barcelona Event and Corporate Photography","robots":{"index":"index","follow":"follow","max-snippet":"max-snippet:-1","max-image-preview":"max-image-preview:large","max-video-preview":"max-video-preview:-1"},"canonical":"https:\/\/bcnphotographer.com\/pl\/kontakt\/","og_locale":"pl_PL","og_type":"article","og_title":"Kontakt","og_description":"SKONTAKTUJ SI\u0118 SKONTAKTUJ SI\u0118 Dane teleadresowe +48 602 425 933 +34 671 450 247 contact@bcnphotographer.com","og_url":"https:\/\/bcnphotographer.com\/pl\/kontakt\/","og_site_name":"Barcelona Event and Corporate Photography","article_publisher":"https:\/\/www.facebook.com\/sebastianszulfer\/","article_modified_time":"2020-05-04T08:21:03+00:00","og_image":[{"width":1600,"height":901,"url":"https:\/\/bcnphotographer.com\/wp-content\/uploads\/2026\/01\/James-Corden-MWC-Sebastian-Szulfer-Photography-Events.jpg","type":"image\/jpeg"}],"twitter_card":"summary_large_image","twitter_misc":{"Szacowany czas czytania":"3 minuty"},"schema":{"@context":"https:\/\/schema.org","@graph":[{"@type":"WebPage","@id":"https:\/\/bcnphotographer.com\/pl\/kontakt\/","url":"https:\/\/bcnphotographer.com\/pl\/kontakt\/","name":"Kontakt | Barcelona Event and Corporate Photography","isPartOf":{"@id":"https:\/\/bcnphotographer.com\/pl\/#website"},"datePublished":"2018-07-27T17:14:18+00:00","dateModified":"2020-05-04T08:21:03+00:00","breadcrumb":{"@id":"https:\/\/bcnphotographer.com\/pl\/kontakt\/#breadcrumb"},"inLanguage":"pl-PL","potentialAction":[{"@type":"ReadAction","target":["https:\/\/bcnphotographer.com\/pl\/kontakt\/"]}]},{"@type":"BreadcrumbList","@id":"https:\/\/bcnphotographer.com\/pl\/kontakt\/#breadcrumb","itemListElement":[{"@type":"ListItem","position":1,"name":"Home","item":"https:\/\/bcnphotographer.com\/pl\/"},{"@type":"ListItem","position":2,"name":"Kontakt"}]},{"@type":"WebSite","@id":"https:\/\/bcnphotographer.com\/pl\/#website","url":"https:\/\/bcnphotographer.com\/pl\/","name":"BCN Photographer | Event, Portrait & Corporate Photography in Barcelona","description":"Your Photographer On Location \u2013 Headshots &amp; Event Coverage Anywhere in Barcelona","publisher":{"@id":"https:\/\/bcnphotographer.com\/pl\/#organization"},"alternateName":"Barcelona Event & Headshot Photography","potentialAction":[{"@type":"SearchAction","target":{"@type":"EntryPoint","urlTemplate":"https:\/\/bcnphotographer.com\/pl\/?s={search_term_string}"},"query-input":{"@type":"PropertyValueSpecification","valueRequired":true,"valueName":"search_term_string"}}],"inLanguage":"pl-PL"},{"@type":"Organization","@id":"https:\/\/bcnphotographer.com\/pl\/#organization","name":"BCN Photographer Sebastian Szulfer","alternateName":"Sebastian Szulfer Photographer","url":"https:\/\/bcnphotographer.com\/pl\/","logo":{"@type":"ImageObject","inLanguage":"pl-PL","@id":"https:\/\/bcnphotographer.com\/pl\/#\/schema\/logo\/image\/","url":"https:\/\/bcnphotographer.com\/wp-content\/uploads\/2025\/04\/Square-696x696-1.png","contentUrl":"https:\/\/bcnphotographer.com\/wp-content\/uploads\/2025\/04\/Square-696x696-1.png","width":696,"height":696,"caption":"BCN Photographer Sebastian Szulfer"},"image":{"@id":"https:\/\/bcnphotographer.com\/pl\/#\/schema\/logo\/image\/"},"sameAs":["https:\/\/www.facebook.com\/sebastianszulfer\/","https:\/\/www.instagram.com\/bastiheadshot\/","https:\/\/www.linkedin.com\/company\/sebastian-szulfer-photodesign\/","https:\/\/www.linkedin.com\/in\/sebastian-szulfer\/"],"description":"Event, Headshot & Brand Photography in Barcelona \u2013 Bilingual Service","email":"contact@sebastianszulfer.com","telephone":"+34671450247, +48602425933","legalName":"Sebastian Szulfer Photodesign","foundingDate":"2013-04-03","vatID":"PL5562504369","taxID":"5562504369"}]}},"_links":{"self":[{"href":"https:\/\/bcnphotographer.com\/pl\/wp-json\/wp\/v2\/pages\/31206","targetHints":{"allow":["GET"]}}],"collection":[{"href":"https:\/\/bcnphotographer.com\/pl\/wp-json\/wp\/v2\/pages"}],"about":[{"href":"https:\/\/bcnphotographer.com\/pl\/wp-json\/wp\/v2\/types\/page"}],"author":[{"embeddable":true,"href":"https:\/\/bcnphotographer.com\/pl\/wp-json\/wp\/v2\/users\/1"}],"replies":[{"embeddable":true,"href":"https:\/\/bcnphotographer.com\/pl\/wp-json\/wp\/v2\/comments?post=31206"}],"version-history":[{"count":0,"href":"https:\/\/bcnphotographer.com\/pl\/wp-json\/wp\/v2\/pages\/31206\/revisions"}],"wp:attachment":[{"href":"https:\/\/bcnphotographer.com\/pl\/wp-json\/wp\/v2\/media?parent=31206"}],"curies":[{"name":"wp","href":"https:\/\/api.w.org\/{rel}","templated":true}]}}