{"id":31925,"date":"2018-11-08T13:33:54","date_gmt":"2018-11-08T13:33:54","guid":{"rendered":"http:\/\/bcnphotographer.com\/cookies\/"},"modified":"2018-11-08T14:19:11","modified_gmt":"2018-11-08T14:19:11","slug":"cookies","status":"publish","type":"page","link":"https:\/\/bcnphotographer.com\/es\/cookies\/","title":{"rendered":"Cookies"},"content":{"rendered":"<p>[et_pb_section bb_built=\u00bb1&#8243;][et_pb_row][et_pb_column type=\u00bb4_4&#8243;][et_pb_text _builder_version=\u00bb3.17.6&#8243;]<\/p>\n<h2>Cookies<\/h2>\n<p>\u00a0<\/p>\n<h4>Para que este sitio funcione adecuadamente, a veces instalamos en los dispositivos de los usuarios peque\u00f1os ficheros de datos, conocidos como cookies. La mayor\u00eda de los grandes sitios web tambi\u00e9n lo hacen.<\/h4>\n<p>\u00a0<\/p>\n<h5>\u00bfQu\u00e9 son las cookies?<\/h5>\n<p>Una cookie es un peque\u00f1o fichero de texto que los sitios web instalan en el ordenador o el dispositivo m\u00f3vil de los usuarios que los visitan. Las cookies hacen posible que el sitio web recuerde las acciones y preferencias del usuario (identificador de inicio de sesi\u00f3n, idioma, tama\u00f1o de letra y otras preferencias de visualizaci\u00f3n), para que este no tenga que volver a configurarlos cuando regrese al sitio o navegue por sus p\u00e1ginas.<\/p>\n<h5>\u00bfC\u00f3mo utilizamos las cookies?<\/h5>\n<p>En algunas p\u00e1ginas utilizamos cookies para recordar:<\/p>\n<ul>\n<li>sus preferencias de presentaci\u00f3n (por ejemplo, contraste, color o tama\u00f1o de letra)<\/li>\n<li>si ya ha respondido a una encuesta emergente sobre la utilidad de un determinado contenido (para no volver a pedirle que lo haga)<\/li>\n<li>si ha dado o no su consentimiento para que utilicemos cookies en nuestra web.<\/li>\n<\/ul>\n<p>Adem\u00e1s, algunos de los v\u00eddeos incrustados en nuestras p\u00e1ginas utilizan cookies para elaborar estad\u00edsticas an\u00f3nimas sobre c\u00f3mo ha llegado hasta ellos y qu\u00e9 v\u00eddeos ha visualizado.<\/p>\n<p>Las cookies las guarda tambi\u00e9n\u00a0Europa Analytics, el servicio que eval\u00faa la eficacia y eficiencia de los sitios web de la Comisi\u00f3n Europea alojados en el servidor EUROPA.<\/p>\n<p>Aunque las cookies no son imprescindibles para que el sitio web funcione, si las habilita disfrutar\u00e1 de una mejor experiencia de navegaci\u00f3n. Puede borrar o bloquear las cookies, pero si lo hace es posible que algunas de las caracter\u00edsticas de esta web no funcionen adecuadamente.<\/p>\n<p>La informaci\u00f3n asociada a las cookies\u00a0no se utiliza para identificar personalmente al usuario. Adem\u00e1s, mantenemos plenamente bajo nuestro control los datos sobre sus patrones de navegaci\u00f3n. Estas cookies se utilizan exclusivamente para los fines aqu\u00ed indicados.<\/p>\n<h5>C\u00f3mo controlar las cookies<\/h5>\n<p>Usted puede\u00a0controlar o borrar\u00a0las cookies siempre que lo desee: para m\u00e1s informaci\u00f3n, consulte<a href=\"http:\/\/www.aboutcookies.org\/\" target=\"_blank\" rel=\"noopener\"> aboutcookies.org<\/a>. Adem\u00e1s de poder eliminar todas las cookies que ya se encuentran en su ordenador, tambi\u00e9n puede configurar la mayor\u00eda de los navegadores para que dejen de aceptarlas. Pero tenga presente que, si rechaza las cookies, es posible que tenga que volver a configurar manualmente sus preferencias cada vez que visite un sitio y que dejen de funcionar determinados servicios y funcionalidades.<\/p>\n<p>[\/et_pb_text][\/et_pb_column][\/et_pb_row][\/et_pb_section]<\/p>\n","protected":false},"excerpt":{"rendered":"<p><div class=\"et_pb_row et_pb_row_0 et_pb_row_empty\">\n\t\t\t\t\n\t\t\t\t\n\t\t\t\t\n\t\t\t\t\n\t\t\t\t\n\t\t\t<\/div> Cookies\u00a0Para que este sitio funcione adecuadamente, a veces instalamos en los dispositivos de los usuarios peque\u00f1os ficheros de datos, conocidos como cookies. La mayor\u00eda de los grandes sitios web tambi\u00e9n lo hacen.\u00a0\u00bfQu\u00e9 son las cookies?Una cookie es un peque\u00f1o fichero de texto que los sitios web instalan en el ordenador o el dispositivo m\u00f3vil [&hellip;]<\/p>\n","protected":false},"author":1,"featured_media":0,"parent":0,"menu_order":0,"comment_status":"closed","ping_status":"closed","template":"","meta":{"_et_pb_use_builder":"on","_et_pb_old_content":"","_et_gb_content_width":"","footnotes":""},"class_list":["post-31925","page","type-page","status-publish","hentry"],"yoast_head":"<!-- This site is optimized with the Yoast SEO Premium plugin v25.2 (Yoast SEO v27.3) - https:\/\/yoast.com\/product\/yoast-seo-premium-wordpress\/ -->\n<title>Cookies | Barcelona Event and Corporate Photography<\/title>\n<meta name=\"robots\" content=\"index, follow, max-snippet:-1, max-image-preview:large, max-video-preview:-1\" \/>\n<link rel=\"canonical\" href=\"https:\/\/bcnphotographer.com\/es\/cookies\/\" \/>\n<meta property=\"og:locale\" content=\"es_ES\" \/>\n<meta property=\"og:type\" content=\"article\" \/>\n<meta property=\"og:title\" content=\"Cookies\" \/>\n<meta property=\"og:description\" content=\"Cookies\u00a0Para que este sitio funcione adecuadamente, a veces instalamos en los dispositivos de los usuarios peque\u00f1os ficheros de datos, conocidos como cookies. La mayor\u00eda de los grandes sitios web tambi\u00e9n lo hacen.\u00a0\u00bfQu\u00e9 son las cookies?Una cookie es un peque\u00f1o fichero de texto que los sitios web instalan en el ordenador o el dispositivo m\u00f3vil [&hellip;]\" \/>\n<meta property=\"og:url\" content=\"https:\/\/bcnphotographer.com\/es\/cookies\/\" \/>\n<meta property=\"og:site_name\" content=\"Barcelona Event and Corporate Photography\" \/>\n<meta property=\"article:publisher\" content=\"https:\/\/www.facebook.com\/sebastianszulfer\/\" \/>\n<meta property=\"article:modified_time\" content=\"2018-11-08T14:19:11+00:00\" \/>\n<meta property=\"og:image\" content=\"https:\/\/bcnphotographer.com\/wp-content\/uploads\/2026\/01\/James-Corden-MWC-Sebastian-Szulfer-Photography-Events.jpg\" \/>\n\t<meta property=\"og:image:width\" content=\"1600\" \/>\n\t<meta property=\"og:image:height\" content=\"901\" \/>\n\t<meta property=\"og:image:type\" content=\"image\/jpeg\" \/>\n<meta name=\"twitter:card\" content=\"summary_large_image\" \/>\n<meta name=\"twitter:label1\" content=\"Tiempo de lectura\" \/>\n\t<meta name=\"twitter:data1\" content=\"2 minutos\" \/>\n<script type=\"application\/ld+json\" class=\"yoast-schema-graph\">{\"@context\":\"https:\\\/\\\/schema.org\",\"@graph\":[{\"@type\":\"WebPage\",\"@id\":\"https:\\\/\\\/bcnphotographer.com\\\/es\\\/cookies\\\/\",\"url\":\"https:\\\/\\\/bcnphotographer.com\\\/es\\\/cookies\\\/\",\"name\":\"Cookies | Barcelona Event and Corporate Photography\",\"isPartOf\":{\"@id\":\"https:\\\/\\\/bcnphotographer.com\\\/es\\\/#website\"},\"datePublished\":\"2018-11-08T13:33:54+00:00\",\"dateModified\":\"2018-11-08T14:19:11+00:00\",\"breadcrumb\":{\"@id\":\"https:\\\/\\\/bcnphotographer.com\\\/es\\\/cookies\\\/#breadcrumb\"},\"inLanguage\":\"es\",\"potentialAction\":[{\"@type\":\"ReadAction\",\"target\":[\"https:\\\/\\\/bcnphotographer.com\\\/es\\\/cookies\\\/\"]}]},{\"@type\":\"BreadcrumbList\",\"@id\":\"https:\\\/\\\/bcnphotographer.com\\\/es\\\/cookies\\\/#breadcrumb\",\"itemListElement\":[{\"@type\":\"ListItem\",\"position\":1,\"name\":\"Home\",\"item\":\"https:\\\/\\\/bcnphotographer.com\\\/es\\\/\"},{\"@type\":\"ListItem\",\"position\":2,\"name\":\"Cookies\"}]},{\"@type\":\"WebSite\",\"@id\":\"https:\\\/\\\/bcnphotographer.com\\\/es\\\/#website\",\"url\":\"https:\\\/\\\/bcnphotographer.com\\\/es\\\/\",\"name\":\"BCN Photographer | Event, Portrait & Corporate Photography in Barcelona\",\"description\":\"Your Photographer On Location \u2013 Headshots &amp; Event Coverage Anywhere in Barcelona\",\"publisher\":{\"@id\":\"https:\\\/\\\/bcnphotographer.com\\\/es\\\/#organization\"},\"alternateName\":\"Barcelona Event & Headshot Photography\",\"potentialAction\":[{\"@type\":\"SearchAction\",\"target\":{\"@type\":\"EntryPoint\",\"urlTemplate\":\"https:\\\/\\\/bcnphotographer.com\\\/es\\\/?s={search_term_string}\"},\"query-input\":{\"@type\":\"PropertyValueSpecification\",\"valueRequired\":true,\"valueName\":\"search_term_string\"}}],\"inLanguage\":\"es\"},{\"@type\":\"Organization\",\"@id\":\"https:\\\/\\\/bcnphotographer.com\\\/es\\\/#organization\",\"name\":\"BCN Photographer Sebastian Szulfer\",\"alternateName\":\"Sebastian Szulfer Photographer\",\"url\":\"https:\\\/\\\/bcnphotographer.com\\\/es\\\/\",\"logo\":{\"@type\":\"ImageObject\",\"inLanguage\":\"es\",\"@id\":\"https:\\\/\\\/bcnphotographer.com\\\/es\\\/#\\\/schema\\\/logo\\\/image\\\/\",\"url\":\"https:\\\/\\\/bcnphotographer.com\\\/wp-content\\\/uploads\\\/2025\\\/04\\\/Square-696x696-1.png\",\"contentUrl\":\"https:\\\/\\\/bcnphotographer.com\\\/wp-content\\\/uploads\\\/2025\\\/04\\\/Square-696x696-1.png\",\"width\":696,\"height\":696,\"caption\":\"BCN Photographer Sebastian Szulfer\"},\"image\":{\"@id\":\"https:\\\/\\\/bcnphotographer.com\\\/es\\\/#\\\/schema\\\/logo\\\/image\\\/\"},\"sameAs\":[\"https:\\\/\\\/www.facebook.com\\\/sebastianszulfer\\\/\",\"https:\\\/\\\/www.instagram.com\\\/bastiheadshot\\\/\",\"https:\\\/\\\/www.linkedin.com\\\/company\\\/sebastian-szulfer-photodesign\\\/\",\"https:\\\/\\\/www.linkedin.com\\\/in\\\/sebastian-szulfer\\\/\"],\"description\":\"Event, Headshot & Brand Photography in Barcelona \u2013 Bilingual Service\",\"email\":\"contact@sebastianszulfer.com\",\"telephone\":\"+34671450247, +48602425933\",\"legalName\":\"Sebastian Szulfer Photodesign\",\"foundingDate\":\"2013-04-03\",\"vatID\":\"PL5562504369\",\"taxID\":\"5562504369\"}]}<\/script>\n<!-- \/ Yoast SEO Premium plugin. -->","yoast_head_json":{"title":"Cookies | Barcelona Event and Corporate Photography","robots":{"index":"index","follow":"follow","max-snippet":"max-snippet:-1","max-image-preview":"max-image-preview:large","max-video-preview":"max-video-preview:-1"},"canonical":"https:\/\/bcnphotographer.com\/es\/cookies\/","og_locale":"es_ES","og_type":"article","og_title":"Cookies","og_description":"Cookies\u00a0Para que este sitio funcione adecuadamente, a veces instalamos en los dispositivos de los usuarios peque\u00f1os ficheros de datos, conocidos como cookies. La mayor\u00eda de los grandes sitios web tambi\u00e9n lo hacen.\u00a0\u00bfQu\u00e9 son las cookies?Una cookie es un peque\u00f1o fichero de texto que los sitios web instalan en el ordenador o el dispositivo m\u00f3vil [&hellip;]","og_url":"https:\/\/bcnphotographer.com\/es\/cookies\/","og_site_name":"Barcelona Event and Corporate Photography","article_publisher":"https:\/\/www.facebook.com\/sebastianszulfer\/","article_modified_time":"2018-11-08T14:19:11+00:00","og_image":[{"width":1600,"height":901,"url":"https:\/\/bcnphotographer.com\/wp-content\/uploads\/2026\/01\/James-Corden-MWC-Sebastian-Szulfer-Photography-Events.jpg","type":"image\/jpeg"}],"twitter_card":"summary_large_image","twitter_misc":{"Tiempo de lectura":"2 minutos"},"schema":{"@context":"https:\/\/schema.org","@graph":[{"@type":"WebPage","@id":"https:\/\/bcnphotographer.com\/es\/cookies\/","url":"https:\/\/bcnphotographer.com\/es\/cookies\/","name":"Cookies | Barcelona Event and Corporate Photography","isPartOf":{"@id":"https:\/\/bcnphotographer.com\/es\/#website"},"datePublished":"2018-11-08T13:33:54+00:00","dateModified":"2018-11-08T14:19:11+00:00","breadcrumb":{"@id":"https:\/\/bcnphotographer.com\/es\/cookies\/#breadcrumb"},"inLanguage":"es","potentialAction":[{"@type":"ReadAction","target":["https:\/\/bcnphotographer.com\/es\/cookies\/"]}]},{"@type":"BreadcrumbList","@id":"https:\/\/bcnphotographer.com\/es\/cookies\/#breadcrumb","itemListElement":[{"@type":"ListItem","position":1,"name":"Home","item":"https:\/\/bcnphotographer.com\/es\/"},{"@type":"ListItem","position":2,"name":"Cookies"}]},{"@type":"WebSite","@id":"https:\/\/bcnphotographer.com\/es\/#website","url":"https:\/\/bcnphotographer.com\/es\/","name":"BCN Photographer | Event, Portrait & Corporate Photography in Barcelona","description":"Your Photographer On Location \u2013 Headshots &amp; Event Coverage Anywhere in Barcelona","publisher":{"@id":"https:\/\/bcnphotographer.com\/es\/#organization"},"alternateName":"Barcelona Event & Headshot Photography","potentialAction":[{"@type":"SearchAction","target":{"@type":"EntryPoint","urlTemplate":"https:\/\/bcnphotographer.com\/es\/?s={search_term_string}"},"query-input":{"@type":"PropertyValueSpecification","valueRequired":true,"valueName":"search_term_string"}}],"inLanguage":"es"},{"@type":"Organization","@id":"https:\/\/bcnphotographer.com\/es\/#organization","name":"BCN Photographer Sebastian Szulfer","alternateName":"Sebastian Szulfer Photographer","url":"https:\/\/bcnphotographer.com\/es\/","logo":{"@type":"ImageObject","inLanguage":"es","@id":"https:\/\/bcnphotographer.com\/es\/#\/schema\/logo\/image\/","url":"https:\/\/bcnphotographer.com\/wp-content\/uploads\/2025\/04\/Square-696x696-1.png","contentUrl":"https:\/\/bcnphotographer.com\/wp-content\/uploads\/2025\/04\/Square-696x696-1.png","width":696,"height":696,"caption":"BCN Photographer Sebastian Szulfer"},"image":{"@id":"https:\/\/bcnphotographer.com\/es\/#\/schema\/logo\/image\/"},"sameAs":["https:\/\/www.facebook.com\/sebastianszulfer\/","https:\/\/www.instagram.com\/bastiheadshot\/","https:\/\/www.linkedin.com\/company\/sebastian-szulfer-photodesign\/","https:\/\/www.linkedin.com\/in\/sebastian-szulfer\/"],"description":"Event, Headshot & Brand Photography in Barcelona \u2013 Bilingual Service","email":"contact@sebastianszulfer.com","telephone":"+34671450247, +48602425933","legalName":"Sebastian Szulfer Photodesign","foundingDate":"2013-04-03","vatID":"PL5562504369","taxID":"5562504369"}]}},"_links":{"self":[{"href":"https:\/\/bcnphotographer.com\/es\/wp-json\/wp\/v2\/pages\/31925","targetHints":{"allow":["GET"]}}],"collection":[{"href":"https:\/\/bcnphotographer.com\/es\/wp-json\/wp\/v2\/pages"}],"about":[{"href":"https:\/\/bcnphotographer.com\/es\/wp-json\/wp\/v2\/types\/page"}],"author":[{"embeddable":true,"href":"https:\/\/bcnphotographer.com\/es\/wp-json\/wp\/v2\/users\/1"}],"replies":[{"embeddable":true,"href":"https:\/\/bcnphotographer.com\/es\/wp-json\/wp\/v2\/comments?post=31925"}],"version-history":[{"count":0,"href":"https:\/\/bcnphotographer.com\/es\/wp-json\/wp\/v2\/pages\/31925\/revisions"}],"wp:attachment":[{"href":"https:\/\/bcnphotographer.com\/es\/wp-json\/wp\/v2\/media?parent=31925"}],"curies":[{"name":"wp","href":"https:\/\/api.w.org\/{rel}","templated":true}]}}